{"id":2582,"date":"2021-09-30T13:03:15","date_gmt":"2021-09-30T13:03:15","guid":{"rendered":"http:\/\/eyeofmorocco.com\/?page_id=2582"},"modified":"2023-01-19T23:20:05","modified_gmt":"2023-01-19T23:20:05","slug":"morocco-tours-frequently-asked-questions","status":"publish","type":"page","link":"https:\/\/eyeofmorocco.com\/es\/morocco-tours-frequently-asked-questions\/","title":{"rendered":"Frequently Asked Questions"},"content":{"rendered":"<h1>Frequently Asked Questions<\/h1>\n<p>\t\t\t<a href=\"#yes\" role=\"button\"><br \/>\n\t\t\t\t\t\tView FAQs<br \/>\n\t\t\t\t\t<\/a><\/p>\n<h4>FAQ<\/h4>\n<h5>Most frequent questions and answers<\/h5>\n<p>\t\t\t\t\t\t\t\t\t\t\t\t<a href=\"\">Is Morocco Safe for Travel?<\/a><\/p>\n<p>Marruecos es un destino muy seguro en comparaci\u00f3n con innumerables destinos en todo el mundo. El turismo desempe\u00f1a un papel importante en la econom\u00eda marroqu\u00ed, hasta el punto que Su Majestad el Rey Mohammed VI lo describi\u00f3 como una de las prioridades econ\u00f3micas m\u00e1s importantes.<\/p>\n<p>\t\t\t\t\t\t\t\t\t\t\t\t<a href=\"\">Are the vehicles and Moroccan drivers safe?<\/a><\/p>\n<p>Marruecos controla estrictamente los veh\u00edculos y conductores, y tanto los coches como los conductores deben estar registrados para conducir a los turistas. Los coches tienen una matr\u00edcula anual y no se permite el transporte de turistas en veh\u00edculos de m\u00e1s de 10 a\u00f1os. Adem\u00e1s, el seguro de autom\u00f3vil y conductor se comprueba regularmente en los controles de carretera y hay una multa para cualquiera cuyos documentos no est\u00e9n en regla. Nuestros veh\u00edculos tienen menos de 5 a\u00f1os y nuestros conductores han trabajado en la industria del turismo durante muchos a\u00f1os.<\/p>\n<p>\t\t\t\t\t\t\t\t\t\t\t\t<a href=\"\">What Languages are spoken in Morocco?<\/a><\/p>\n<p>El \u00e1rabe marroqu\u00ed es ampliamente hablado en Marruecos junto con el tamazight, el franc\u00e9s, que se habla en las grandes ciudades y muchas administraciones. El franc\u00e9s es tambi\u00e9n la lengua de ense\u00f1anza en muchas escuelas e instituciones. El espa\u00f1ol se habla ampliamente en el norte de Marruecos debido a su proximidad a Espa\u00f1a, as\u00ed como esta parte de Marruecos fue un protectorado espa\u00f1ol desde 1912 hasta 1956.<\/p>\n<p>En general, los marroqu\u00edes son mayoritariamente multiling\u00fces y se notar\u00e1 f\u00e1cilmente c\u00f3mo cambian de un idioma a otro.<\/p>\n<p>\t\t\t\t\t\t\t\t\t\t\t\t<a href=\"\">What Accommodation do you use?<\/a><\/p>\n<p>Prestamos mucha atenci\u00f3n a los hoteles\/Riad\/Kasbahs y campamentos en el desierto con los que colaboramos. Visitamos regularmente para asegurarnos de que sus servicios son del nivel adecuado antes de recomendarlos a nuestros clientes.\u00a0<\/p>\n<p>\t\t\t\t\t\t\t\t\t\t\t\t<a href=\"\">How to Book our Morocco Tour?<\/a><\/p>\n<p>para reservar su <a style=\"color: #ff9900;\" href=\"http:\/\/eyeofmorocco.com\/es\/\">Tours de lujo en Marruecos<\/a> con Eye of Morocco, es f\u00e1cil y conveniente. Usted est\u00e1 invitado a navegar por nuestro sitio web al echar un vistazo a los tours destacados y excursiones de un d\u00eda. Si te encuentras con lo que est\u00e1s buscando, solo tienes que rellenar el formulario de reserva que ver\u00e1s a la derecha para ordenadores y debajo de est\u00e1s usando una versi\u00f3n m\u00f3vil.<\/p>\n<p>Si su objetivo es personalizar su tour de Marruecos, usted <a href=\"http:\/\/eyeofmorocco.com\/es\/contact-us\/\">cont\u00e1ctenos<\/a> y dise\u00f1aremos cualquier recorrido de acuerdo a sus requisitos especiales de viaje.\u00a0<\/p>\n<p>\t\t\t\t\t\t\t\t\t\t\t\t<a href=\"\">What should I bring for a camel trek?<\/a><br \/>\n\t\t\t\t\tHemos elaborado una lista de art\u00edculos para ayudar con su embalaje. (*denota esencial o muy recomendable).<\/p>\n<p>Paquete diario:<br \/>gafas de sol *<br \/>botellas de agua *<br \/>bolsas con cierre de seguridad *<br \/>papel higi\u00e9nico * (comprarlo en Marruecos)<br \/>aguja e hilo\/pasadores<br \/>c\u00e1mara, bater\u00edas, tarjetas de memoria, pel\u00edcula - \u00a1trae mucho!<br \/>bolsa sellable para su c\u00e1mara digital* (esencial!! para arena\/ polvo)<\/p>\n<p>The most affordable price<\/p>\n<h2>Vamos a empezar su viaje!<\/h2>\n<p>\t\t\t<a href=\"http:\/\/eyeofmorocco.com\/es\/contact-us\/\" role=\"button\"><br \/>\n\t\t\t\t\t\tBook Now<br \/>\n\t\t\t\t\t<\/a><br \/>\n\t\t\t\t\t<a href=\"https:\/\/web.facebook.com\/eyeofmorocco\/?_rdc=1&#038;_rdr\" target=\"_blank\" rel=\"nofollow noopener\"><br \/>\n\t\t\t\t\t\tFacebook<br \/>\n\t\t\t\t\t\t\t\t\t\t\t<\/a><br \/>\n\t\t\t\t\t<a href=\"https:\/\/twitter.com\/eyeofmorocco\" target=\"_blank\" rel=\"nofollow noopener\"><br \/>\n\t\t\t\t\t\tTwitter<br \/>\n\t\t\t\t\t\t\t\t\t\t\t<\/a><br \/>\n\t\t\t\t\t<a href=\"https:\/\/www.youtube.com\/channel\/UCzgGgoy1zEx_hAwZvv9knSQ\" target=\"_blank\" rel=\"nofollow noopener\"><br \/>\n\t\t\t\t\t\tYoutube<br \/>\n\t\t\t\t\t\t\t\t\t\t\t<\/a><br \/>\n\t\t\t\t\t<a href=\"https:\/\/www.instagram.com\/eyeofmorocco\/\" target=\"_blank\" rel=\"nofollow noopener\"><br \/>\n\t\t\t\t\t\tInstagram<br \/>\n\t\t\t\t\t\t\t\t\t\t\t<\/a><br \/>\n\t\t\t\t\t\t\t\t\t\t\t\t\t\t\t<img decoding=\"async\" width=\"250\" height=\"250\" src=\"http:\/\/eyeofmorocco.com\/wp-content\/uploads\/2022\/09\/Untitled-design-1.png\" alt=\"\" loading=\"lazy\">\t\t\t\t\t\t\t\t\t\t\t\t\t\t\t<\/p>\n<p>I was in Morocco with my wife for 10 days. I cannot describe to you this company services, the price is very affordable, the vehicle was super clean, and the guide Ayoub from Merzouga did everything he could to make our experience unbelievable. I didn\u2019t believe when he invited us to his house in the desert area , it was something I wanted to experience. Travel with Eye of Morocco travel company, and you won\u2019t regret<\/p>\n<h2>Mike Stuart<\/h2>\n<h2>CA, USA<\/h2>","protected":false},"excerpt":{"rendered":"<p>Frequently Asked Questions View FAQs FAQ Most frequent questions and answers Is Morocco Safe for Travel? Morocco is a very safe destination compared to countless worldwide destinations. Tourism plays a major role in the Moroccan economy to the extent that His Majesty King Mohammed VI described as one of the top priorities in the economy. [&hellip;]<\/p>\n","protected":false},"author":1,"featured_media":0,"parent":0,"menu_order":0,"comment_status":"closed","ping_status":"closed","template":"elementor_header_footer","meta":{"_et_pb_use_builder":"","_et_pb_old_content":"","_et_gb_content_width":"","footnotes":""},"class_list":["post-2582","page","type-page","status-publish","hentry"],"_links":{"self":[{"href":"https:\/\/eyeofmorocco.com\/es\/wp-json\/wp\/v2\/pages\/2582","targetHints":{"allow":["GET"]}}],"collection":[{"href":"https:\/\/eyeofmorocco.com\/es\/wp-json\/wp\/v2\/pages"}],"about":[{"href":"https:\/\/eyeofmorocco.com\/es\/wp-json\/wp\/v2\/types\/page"}],"author":[{"embeddable":true,"href":"https:\/\/eyeofmorocco.com\/es\/wp-json\/wp\/v2\/users\/1"}],"replies":[{"embeddable":true,"href":"https:\/\/eyeofmorocco.com\/es\/wp-json\/wp\/v2\/comments?post=2582"}],"version-history":[{"count":19,"href":"https:\/\/eyeofmorocco.com\/es\/wp-json\/wp\/v2\/pages\/2582\/revisions"}],"predecessor-version":[{"id":4691,"href":"https:\/\/eyeofmorocco.com\/es\/wp-json\/wp\/v2\/pages\/2582\/revisions\/4691"}],"wp:attachment":[{"href":"https:\/\/eyeofmorocco.com\/es\/wp-json\/wp\/v2\/media?parent=2582"}],"curies":[{"name":"wp","href":"https:\/\/api.w.org\/{rel}","templated":true}]}}